{"id":2,"date":"2019-07-04T15:48:51","date_gmt":"2019-07-04T13:48:51","guid":{"rendered":"https:\/\/pferdetherapie-trosien.de\/?page_id=2"},"modified":"2019-09-16T11:18:22","modified_gmt":"2019-09-16T09:18:22","slug":"beispiel-seite","status":"publish","type":"page","link":"https:\/\/pferdetherapie-trosien.de\/index.php\/","title":{"rendered":"Start"},"content":{"rendered":"<p><span style=\"font-size: 18px;\"><strong><span style=\"vertical-align: inherit;\"><span style=\"vertical-align: inherit;\">Willkommen!<\/span><\/span><\/strong><\/span><\/p>\n<p><span style=\"font-size: 18px;\">Hier ensteht in K\u00fcrze meine neue Website, auf der ich Ihnen weitere Einblicke in meine Aktivit\u00e4ten gebe.<\/span><\/p>\n<p><img decoding=\"async\" loading=\"lazy\" class=\"size-medium wp-image-68 alignleft\" src=\"https:\/\/pferdetherapie-trosien.de\/wp-content\/uploads\/2019\/09\/16-275x300.jpg\" alt=\"\" width=\"275\" height=\"300\" srcset=\"https:\/\/pferdetherapie-trosien.de\/wp-content\/uploads\/2019\/09\/16-275x300.jpg 275w, https:\/\/pferdetherapie-trosien.de\/wp-content\/uploads\/2019\/09\/16.jpg 453w\" sizes=\"(max-width: 275px) 100vw, 275px\" \/><\/p>\n<p><span style=\"font-size: 18px;\">Mein Name ist Rebecca Trosien. Teilen Sie meine Leidenschaft f\u00fcr Pferde? Ich biete Ihnen in Stedesdorf und Umgebung die Pferdeosteo- und Pferdephysiotherapie an.<\/span><\/p>\n<p><img decoding=\"async\" loading=\"lazy\" class=\"size-medium wp-image-90 alignleft\" src=\"https:\/\/pferdetherapie-trosien.de\/wp-content\/uploads\/2019\/09\/45-169x300.jpg\" alt=\"\" width=\"169\" height=\"300\" srcset=\"https:\/\/pferdetherapie-trosien.de\/wp-content\/uploads\/2019\/09\/45-169x300.jpg 169w, https:\/\/pferdetherapie-trosien.de\/wp-content\/uploads\/2019\/09\/45.jpg 400w\" sizes=\"(max-width: 169px) 100vw, 169px\" \/><\/p>\n<p>&nbsp;<\/p>\n<p><span style=\"font-size: 18px;\">Wie immer bin ich telefonisch erreichbar: 0178 6700435 &#8211; E-Mail &#8211; WhatsApp<\/span><\/p>\n<p>&nbsp;<\/p>\n","protected":false},"excerpt":{"rendered":"<p>Willkommen! Hier ensteht in K\u00fcrze meine neue Website, auf der ich Ihnen weitere Einblicke in meine Aktivit\u00e4ten gebe. Mein Name ist Rebecca Trosien. Teilen Sie meine Leidenschaft f\u00fcr Pferde? Ich biete Ihnen in Stedesdorf und Umgebung die Pferdeosteo- und Pferdephysiotherapie an. &nbsp; Wie immer bin ich telefonisch erreichbar: 0178 6700435 &#8211; E-Mail &#8211; WhatsApp &nbsp;<\/p>\n","protected":false},"author":1,"featured_media":0,"parent":0,"menu_order":0,"comment_status":"closed","ping_status":"open","template":"tpl-homepage.php","meta":[],"_links":{"self":[{"href":"https:\/\/pferdetherapie-trosien.de\/index.php\/wp-json\/wp\/v2\/pages\/2"}],"collection":[{"href":"https:\/\/pferdetherapie-trosien.de\/index.php\/wp-json\/wp\/v2\/pages"}],"about":[{"href":"https:\/\/pferdetherapie-trosien.de\/index.php\/wp-json\/wp\/v2\/types\/page"}],"author":[{"embeddable":true,"href":"https:\/\/pferdetherapie-trosien.de\/index.php\/wp-json\/wp\/v2\/users\/1"}],"replies":[{"embeddable":true,"href":"https:\/\/pferdetherapie-trosien.de\/index.php\/wp-json\/wp\/v2\/comments?post=2"}],"version-history":[{"count":23,"href":"https:\/\/pferdetherapie-trosien.de\/index.php\/wp-json\/wp\/v2\/pages\/2\/revisions"}],"predecessor-version":[{"id":430,"href":"https:\/\/pferdetherapie-trosien.de\/index.php\/wp-json\/wp\/v2\/pages\/2\/revisions\/430"}],"wp:attachment":[{"href":"https:\/\/pferdetherapie-trosien.de\/index.php\/wp-json\/wp\/v2\/media?parent=2"}],"curies":[{"name":"wp","href":"https:\/\/api.w.org\/{rel}","templated":true}]}}