{"id":508,"date":"2019-11-28T08:52:55","date_gmt":"2019-11-28T07:52:55","guid":{"rendered":"https:\/\/pferdetherapie-trosien.de\/index.php\/?page_id=508"},"modified":"2020-06-08T13:15:11","modified_gmt":"2020-06-08T11:15:11","slug":"mein-weg-mein-ziel","status":"publish","type":"page","link":"https:\/\/pferdetherapie-trosien.de\/index.php\/mein-weg-mein-ziel\/","title":{"rendered":"Mein Weg, meine Ziele&#8230;"},"content":{"rendered":"<p>&nbsp;<\/p>\n<p><span style=\"font-size: 18px;\"><strong>Mein Name ist Rebecca Trosien. Teilen Sie meine Leidenschaft f\u00fcr Pferde? <\/strong><\/span><\/p>\n<p><span style=\"font-size: 18px;\">Ich biete Ihnen in Stedesdorf, Esens, Wittmund und Umgebung die Pferdeosteo- und Pferdephysiotherapie an.\u00a0<\/span><\/p>\n<p>&nbsp;<\/p>\n<p><span style=\"font-size: 18px;\"><strong>Mensch und Pferd \u00e4hneln sich sehr.<\/strong><\/span><\/p>\n<p><span style=\"font-size: 18px;\">Kurz nachdem ich meine Ausbildung zur Rettungsassistentin im Jahr\u00a0 2002 begann, war auch mein Interesse an der Pferdetherapie\u00a0 geweckt. Seit 2006 arbeite ich im Gesundheitswesen mit dem n\u00f6tigen Freiraum f\u00fcr meine vierbeinigen Patienten.\u00a0<\/span><\/p>\n<p><span style=\"font-size: 18px;\">Ziel meiner Therapie ist die Wiederherstellung der Lebensqualit\u00e4t Ihres Pferdes, beginnend mit einer ganzheitlichen Anamnese. Unterst\u00fctzt wird meine T\u00e4tigkeit durch unsere einmalige K\u00fcstenlandschaft, die Pferde kommen zur Ruhe und genie\u00dfen das Klima.<\/span><\/p>\n<p><span style=\"font-size: 18px;\">Wie immer bin ich telefonisch erreichbar: 0178 6700435 &#8211; E-Mail &#8211; WhatsApp<\/span><\/p>\n","protected":false},"excerpt":{"rendered":"<p>&nbsp; Mein Name ist Rebecca Trosien. Teilen Sie meine Leidenschaft f\u00fcr Pferde? Ich biete Ihnen in Stedesdorf, Esens, Wittmund und Umgebung die Pferdeosteo- und Pferdephysiotherapie an.\u00a0 &nbsp; Mensch und Pferd \u00e4hneln sich sehr. Kurz nachdem ich meine Ausbildung zur Rettungsassistentin im Jahr\u00a0 2002 begann, war auch mein Interesse an der Pferdetherapie\u00a0 geweckt. Seit 2006 arbeite [&hellip;]<\/p>\n","protected":false},"author":1,"featured_media":451,"parent":0,"menu_order":0,"comment_status":"closed","ping_status":"closed","template":"page-ohnebild.php","meta":[],"_links":{"self":[{"href":"https:\/\/pferdetherapie-trosien.de\/index.php\/wp-json\/wp\/v2\/pages\/508"}],"collection":[{"href":"https:\/\/pferdetherapie-trosien.de\/index.php\/wp-json\/wp\/v2\/pages"}],"about":[{"href":"https:\/\/pferdetherapie-trosien.de\/index.php\/wp-json\/wp\/v2\/types\/page"}],"author":[{"embeddable":true,"href":"https:\/\/pferdetherapie-trosien.de\/index.php\/wp-json\/wp\/v2\/users\/1"}],"replies":[{"embeddable":true,"href":"https:\/\/pferdetherapie-trosien.de\/index.php\/wp-json\/wp\/v2\/comments?post=508"}],"version-history":[{"count":11,"href":"https:\/\/pferdetherapie-trosien.de\/index.php\/wp-json\/wp\/v2\/pages\/508\/revisions"}],"predecessor-version":[{"id":647,"href":"https:\/\/pferdetherapie-trosien.de\/index.php\/wp-json\/wp\/v2\/pages\/508\/revisions\/647"}],"wp:featuredmedia":[{"embeddable":true,"href":"https:\/\/pferdetherapie-trosien.de\/index.php\/wp-json\/wp\/v2\/media\/451"}],"wp:attachment":[{"href":"https:\/\/pferdetherapie-trosien.de\/index.php\/wp-json\/wp\/v2\/media?parent=508"}],"curies":[{"name":"wp","href":"https:\/\/api.w.org\/{rel}","templated":true}]}}