{"id":547,"date":"2019-11-28T11:17:37","date_gmt":"2019-11-28T10:17:37","guid":{"rendered":"https:\/\/pferdetherapie-trosien.de\/index.php\/?page_id=547"},"modified":"2019-11-28T11:31:34","modified_gmt":"2019-11-28T10:31:34","slug":"klassische-massage","status":"publish","type":"page","link":"https:\/\/pferdetherapie-trosien.de\/index.php\/klassische-massage\/","title":{"rendered":"Klassische Massage"},"content":{"rendered":"<p><span style=\"font-size: 18px;\">Die Jahrtausend alte Technik der Massage dient vor allem zur Vorbeugung und Behandlung von Verspannungen der Muskulatur.<\/span><\/p>\n<p><span style=\"font-size: 18px;\">Au\u00dferdem dient sie auch zur Entspannung und Lockerung, sowie zur Verbesserung der Durchblutung von Haut und Muskulatur.<\/span><\/p>\n<p><span style=\"font-size: 18px;\">Blutdruck, Puls und der Zellstoffwechsel im Gewebe k\u00f6nnen positiv beeinflusst werden und psychische Entspannung und Reduktion von Stress sind ein positiver Effekt von Massagen. Sie k\u00f6nnen au\u00dferdem Verklebungen und Narben l\u00f6sen und zur Schmerzlinderung beitragen.<\/span><\/p>\n<div style='height: 0px; width: 164px; position: absolute; overflow: hidden;'>\n<p>Klassische Massage ist eine effektive Methode, um die Muskeln zu entspannen, die Durchblutung zu verbessern und das allgemeine Wohlbefinden zu verbessern. Es hilft, Verspannungen abzubauen, Schmerzen zu lindern und hilft bei der Wiederherstellung nach k\u00f6rperlicher Anstrengung.<\/p>\n<p>Es ist wichtig sich daran zu erinnern, dass die Massage von einem qualifizierten Fachmann durchgef\u00fchrt werden muss, um die besten Ergebnisse zu erzielen. Bei chronischen Erkrankungen oder psychischen Erkrankungen sollten Sie vor Beginn des Massagekurses einen Arzt aufsuchen.<\/p>\n<p>Es ist auch erw\u00e4hnenswert, dass die Einnahme von Antidepressiva ohne \u00e4rztliche Verschreibung gef\u00e4hrlich und unerw\u00fcnscht sein kann. Selbstmedikation mit <a href='https:\/\/endekra.de\/antidepressiva\/'>solchen medikamenten<\/a> kann zu einer Verschlechterung des Zustands f\u00fchren und die Wirksamkeit von Massageprozeduren negativ beeinflussen. Daher sollten alle Medikamente nur von einem Spezialisten nach einer gr\u00fcndlichen Untersuchung verschrieben werden.<\/p>\n<p>Melden Sie sich f\u00fcr eine klassische Massage an, um die Harmonie von K\u00f6rper und Seele zu sp\u00fcren!<\/p>\n<\/div>\n","protected":false},"excerpt":{"rendered":"<p>Die Jahrtausend alte Technik der Massage dient vor allem zur Vorbeugung und Behandlung von Verspannungen der Muskulatur. Au\u00dferdem dient sie auch zur Entspannung und Lockerung, sowie zur Verbesserung der Durchblutung von Haut und Muskulatur. Blutdruck, Puls und der Zellstoffwechsel im Gewebe k\u00f6nnen positiv beeinflusst werden und psychische Entspannung und Reduktion von Stress sind ein positiver [&hellip;]<\/p>\n","protected":false},"author":1,"featured_media":0,"parent":0,"menu_order":0,"comment_status":"closed","ping_status":"closed","template":"","meta":[],"_links":{"self":[{"href":"https:\/\/pferdetherapie-trosien.de\/index.php\/wp-json\/wp\/v2\/pages\/547"}],"collection":[{"href":"https:\/\/pferdetherapie-trosien.de\/index.php\/wp-json\/wp\/v2\/pages"}],"about":[{"href":"https:\/\/pferdetherapie-trosien.de\/index.php\/wp-json\/wp\/v2\/types\/page"}],"author":[{"embeddable":true,"href":"https:\/\/pferdetherapie-trosien.de\/index.php\/wp-json\/wp\/v2\/users\/1"}],"replies":[{"embeddable":true,"href":"https:\/\/pferdetherapie-trosien.de\/index.php\/wp-json\/wp\/v2\/comments?post=547"}],"version-history":[{"count":2,"href":"https:\/\/pferdetherapie-trosien.de\/index.php\/wp-json\/wp\/v2\/pages\/547\/revisions"}],"predecessor-version":[{"id":568,"href":"https:\/\/pferdetherapie-trosien.de\/index.php\/wp-json\/wp\/v2\/pages\/547\/revisions\/568"}],"wp:attachment":[{"href":"https:\/\/pferdetherapie-trosien.de\/index.php\/wp-json\/wp\/v2\/media?parent=547"}],"curies":[{"name":"wp","href":"https:\/\/api.w.org\/{rel}","templated":true}]}}