{"id":549,"date":"2019-11-28T11:18:40","date_gmt":"2019-11-28T10:18:40","guid":{"rendered":"https:\/\/pferdetherapie-trosien.de\/index.php\/?page_id=549"},"modified":"2019-11-28T11:33:56","modified_gmt":"2019-11-28T10:33:56","slug":"akupunktur","status":"publish","type":"page","link":"https:\/\/pferdetherapie-trosien.de\/index.php\/akupunktur\/","title":{"rendered":"Akupunktur"},"content":{"rendered":"<p><span style=\"font-size: 18px;\">Gerne unterst\u00fctze ich die k\u00f6rpereigenen Selbstheilungskr\u00e4fte mit Akupunktur.<\/span><\/p>\n<p><span style=\"font-size: 18px;\">Die Akupunktur ist ein Teil der Traditionellen Chinesischen Medizin (TCM) und ist seit \u00fcber 2000 Jahren eine bew\u00e4hrte Heilmethode.<\/span><\/p>\n<p><span style=\"font-size: 18px;\">Durch das Nadeln spezifischer Punkte, werden die k\u00f6rpereigenen Selbstheilungskr\u00e4fte aktiviert und die Gesundheit so erhalten oder wieder hergestellt. Der Organismus wird gezielt dazu angeregt sich wieder ins Gleichgewicht zu bringen.<\/span><\/p>\n","protected":false},"excerpt":{"rendered":"<p>Gerne unterst\u00fctze ich die k\u00f6rpereigenen Selbstheilungskr\u00e4fte mit Akupunktur. Die Akupunktur ist ein Teil der Traditionellen Chinesischen Medizin (TCM) und ist seit \u00fcber 2000 Jahren eine bew\u00e4hrte Heilmethode. Durch das Nadeln spezifischer Punkte, werden die k\u00f6rpereigenen Selbstheilungskr\u00e4fte aktiviert und die Gesundheit so erhalten oder wieder hergestellt. Der Organismus wird gezielt dazu angeregt sich wieder ins Gleichgewicht [&hellip;]<\/p>\n","protected":false},"author":1,"featured_media":0,"parent":0,"menu_order":0,"comment_status":"closed","ping_status":"closed","template":"","meta":[],"_links":{"self":[{"href":"https:\/\/pferdetherapie-trosien.de\/index.php\/wp-json\/wp\/v2\/pages\/549"}],"collection":[{"href":"https:\/\/pferdetherapie-trosien.de\/index.php\/wp-json\/wp\/v2\/pages"}],"about":[{"href":"https:\/\/pferdetherapie-trosien.de\/index.php\/wp-json\/wp\/v2\/types\/page"}],"author":[{"embeddable":true,"href":"https:\/\/pferdetherapie-trosien.de\/index.php\/wp-json\/wp\/v2\/users\/1"}],"replies":[{"embeddable":true,"href":"https:\/\/pferdetherapie-trosien.de\/index.php\/wp-json\/wp\/v2\/comments?post=549"}],"version-history":[{"count":2,"href":"https:\/\/pferdetherapie-trosien.de\/index.php\/wp-json\/wp\/v2\/pages\/549\/revisions"}],"predecessor-version":[{"id":572,"href":"https:\/\/pferdetherapie-trosien.de\/index.php\/wp-json\/wp\/v2\/pages\/549\/revisions\/572"}],"wp:attachment":[{"href":"https:\/\/pferdetherapie-trosien.de\/index.php\/wp-json\/wp\/v2\/media?parent=549"}],"curies":[{"name":"wp","href":"https:\/\/api.w.org\/{rel}","templated":true}]}}