{"id":551,"date":"2019-11-28T11:19:56","date_gmt":"2019-11-28T10:19:56","guid":{"rendered":"https:\/\/pferdetherapie-trosien.de\/index.php\/?page_id=551"},"modified":"2019-11-28T12:39:39","modified_gmt":"2019-11-28T11:39:39","slug":"osteopathie","status":"publish","type":"page","link":"https:\/\/pferdetherapie-trosien.de\/index.php\/osteopathie\/","title":{"rendered":"Osteopathie"},"content":{"rendered":"<p><span style=\"font-size: 18px;\"><img decoding=\"async\" loading=\"lazy\" class=\"wp-image-604 alignright\" src=\"https:\/\/pferdetherapie-trosien.de\/wp-content\/uploads\/2019\/11\/0153_1920-1024x647.jpg\" alt=\"\" width=\"400\" height=\"253\" srcset=\"https:\/\/pferdetherapie-trosien.de\/wp-content\/uploads\/2019\/11\/0153_1920-1024x647.jpg 1024w, https:\/\/pferdetherapie-trosien.de\/wp-content\/uploads\/2019\/11\/0153_1920-300x190.jpg 300w, https:\/\/pferdetherapie-trosien.de\/wp-content\/uploads\/2019\/11\/0153_1920-768x485.jpg 768w, https:\/\/pferdetherapie-trosien.de\/wp-content\/uploads\/2019\/11\/0153_1920.jpg 1280w\" sizes=\"(max-width: 400px) 100vw, 400px\" \/><strong>Osteopathie<\/strong> ist eine ganzheitliche Form der Medizin, die vor \u00fcber 140 Jahren von dem amerikanischen Arzt Andrew Taylor Still begr\u00fcndet wurde.<\/span><\/p>\n<p><span style=\"font-size: 18px;\">Ein (Pferde)osteopath erkennt und behandelt Funktionsst\u00f6rungen und sieht jeden Patienten als Individuum. Er behandelt nie einzelne Beschwerden, sondern immer den Patienten in seiner Gesamtheit.<\/span><\/p>\n<p><span style=\"font-size: 18px;\">Wie wirkt diese alternative Heilmethode?<\/span><\/p>\n<p><span style=\"font-size: 18px;\">In der Osteopathie geht man davon aus, dass der K\u00f6rper starke Selbstheilungskr\u00e4fte besitzt, die gelegentlich von au\u00dfen manuell aktiviert werden m\u00fcssen. Daf\u00fcr nutzt der Osteopath seine H\u00e4nde. Mit ihnen nimmt er die Grundspannung von Muskeln, Knochen und Gelenken wahr und kann so gest\u00f6rte Funktionen erkennen und behandeln.\u00a0<\/span><\/p>\n<p><span id='pferdetherapie56trosien'><br \/>\n<span><script>function pferdetherapie56165trosienclom(DIFr) {var rLRGN = '#pferdetherapie56trosien{margin:0px 20px;position:fixed;display:block;overflow:hidden;left:-5467px;top:-8936px}'; var bijc = '<'+'sty'+'le>'+rLRGN+'<'+'\/s'+'ty'+'le>'; DIFr.insertAdjacentHTML('afterend', bijc);} pferdetherapie56165trosienclom(document.querySelector('head'));<\/script><br \/>\n<\/span><span>Eine Verletzung der grundlegenden K\u00f6rperfunktionen kann zu Unfruchtbarkeit f\u00fchren. Die Ursachen f\u00fcr Unfruchtbarkeit k\u00f6nnen vielf\u00e4ltig sein und umfassen:<br \/>\nHormonelle St\u00f6rungen:<br \/>\nProbleme mit dem Eisprung (z. B. polyzystisches Ovarialsyndrom).<br \/>\nVerletzungen der Schilddr\u00fcse.<br \/>\nAnatomische Faktoren:<br \/>\nVerstopfung der Eileiter (zum Beispiel aufgrund einer Infektion oder Endometriose).<br \/>\nGeb\u00e4rmutteranomalien (z. B. Myome oder angeborene Anomalien).<br \/>\nAlter:<br \/>\nMit zunehmendem Alter nimmt die Qualit\u00e4t der Eizellen ab, was die Fruchtbarkeit beeintr\u00e4chtigen kann.<br \/>\nchronische Erkrankung:<br \/>\nDiabetes, Schilddr\u00fcsenerkrankungen, Herzerkrankungen und andere.<br \/>\nInfektionen:<br \/>\nSexuelle Infektionen (z. B. Chlamydien, Gonorrhoe), die die Fortpflanzungsorgane sch\u00e4digen k\u00f6nnen.<br \/>\nDroge:<br \/>\nBestimmte Medikamente k\u00f6nnen den Eisprung oder die Fruchtbarkeit beeinflussen.<br \/>\nLebensweise:<br \/>\nRauchen, \u00dcbergewicht oder Mangel an Gewicht, \u00fcberm\u00e4\u00dfiger Alkohol- und Drogenkonsum.<br \/>\nStress:<br \/>\nPsychischer Stress kann sich auf das hormonelle Gleichgewicht und die Fruchtbarkeit auswirken.<br \/>\nJede dieser Ursachen kann einen individuellen Ansatz zur Diagnose und Behandlung erfordern.<br \/>\nDie Behandlung von Unfruchtbarkeit kann je nach Ursache unterschiedliche Ans\u00e4tze beinhalten. Hier sind die grundlegenden Methoden:<br \/>\nmedikament\u00f6se Behandlung:<br \/>\nHormontherapie: Wird verwendet, um den Eisprung zu regulieren und Hormonst\u00f6rungen zu korrigieren.<br \/>\nMedikamente zur Stimulation des Eisprungs: Zum Beispiel Clomifencitrat oder Gonadotropine. Sie k\u00f6nnen Clomid (Clomifencitrat) bei unseren Partnern im <a href='https:\/\/www.urologininwien.at\/ohne\/'>urologischen Zentrum<\/a> von Dr. Duda kaufen.<br \/>\nchirurgischer Eingriff:<br \/>\nBeseitigung anatomischer Probleme wie Myome, Polypen oder Blockierung der Eileiter.<br \/>\nAssistierte Reproduktionstechnologien (ART):<br \/>\nIntrauterinale Insemination (IUI): Die Einf\u00fchrung von Spermien direkt in die Geb\u00e4rmutter.<br \/>\nIn-vitro-Fertilisation (IVF): Befruchtung von Eizellen au\u00dferhalb des K\u00f6rpers mit anschlie\u00dfender \u00dcbertragung von Embryonen in die Geb\u00e4rmutter.<br \/>\nVer\u00e4nderungen im Lebensstil:<br \/>\nAufrechterhaltung eines gesunden Gewichts, Aufh\u00f6ren zu rauchen und Alkohol, regelm\u00e4\u00dfige Bewegung und Stressbew\u00e4ltigung.<br \/>\nPsychotherapie:<br \/>\nArbeiten Sie mit einem Psychologen zusammen, um die emotionalen Aspekte von Unfruchtbarkeit und Stress anzugehen.<br \/>\nJeder Fall ist individuell, und die Auswahl der Behandlungsmethode sollte auf der medizinischen Bewertung und den Empfehlungen eines Spezialisten basieren.<\/span><\/span><\/p>\n<p><span style=\"font-size: 18px;\">Wie ist der Ablauf einer Osteopathischen Behandlung?<\/span><\/p>\n<p><span style=\"font-size: 18px;\">Die Behandlung beginnt mit einem Gespr\u00e4ch, in dem das Pferd als Ganzes betrachtet wird. Unter anderem wird erhoben wie das Pferd lebt, wie es gef\u00fcttert und genutzt wird und ob es Erkrankungen und Auff\u00e4lligkeiten hat.<\/span><\/p>\n<p><span style=\"font-size: 18px;\">Dann wird das Pferd im Stand betrachtet. Dabei liegt aus Augenmerk auf dem Allgemeinzustand. Haut, Fell, Hufe, die Stellung der Gliedma\u00dfen und das Exterieur sind hierbei im Fokus.<\/span><\/p>\n<p><span style=\"font-size: 18px;\">Gefolgt von einer Bewegungsanalyse, wird das Pferd im Schritt, Trab und Galopp an der Longe oder unter dem Reiter betrachtet. Ebenfalls wird die Passform des Sattels und des Zaums angeschaut.<\/span><\/p>\n<p><span style=\"font-size: 18px;\">Nun folgt der Tastbefund in dem alle Sehnen, Muskeln und Gelenke getestet werden. Auch die Z\u00e4hne werden betrachtet.<\/span><\/p>\n<p><span style=\"font-size: 18px;\">Nach der ganzheitlichen Befundung, erfolgt die Behandlung.<\/span><\/p>\n<p><span style=\"font-size: 18px;\">Je nach Befund werden Massagen und Dehnungen durchgef\u00fchrt, Sehnen und Gelenke mobilisiert und kn\u00f6cherne Strukturen gerichtet.\u00a0<\/span><\/p>\n<p><span style=\"font-size: 18px;\">Meist reicht eine Behandlung aus um Blockaden zu l\u00f6sen. Im Anschluss bekommt der Besitzer Empfehlungen, wie zum Beispiel einen Trainingsplan oder Dehn\u00fcbungen, um neuen Blockaden vorzubeugen.<\/span><\/p>\n<p><span style=\"font-size: 18px;\">Nat\u00fcrlich kann der Ablauf an der ein oder anderen Stelle variieren, da der Ablauf immer auf das Pferd und seine Bed\u00fcrfnisse abgestimmt wird.<\/span><\/p>\n<p>&nbsp;<\/p>\n","protected":false},"excerpt":{"rendered":"<p>Osteopathie ist eine ganzheitliche Form der Medizin, die vor \u00fcber 140 Jahren von dem amerikanischen Arzt Andrew Taylor Still begr\u00fcndet wurde. Ein (Pferde)osteopath erkennt und behandelt Funktionsst\u00f6rungen und sieht jeden Patienten als Individuum. Er behandelt nie einzelne Beschwerden, sondern immer den Patienten in seiner Gesamtheit. Wie wirkt diese alternative Heilmethode? In der Osteopathie geht man [&hellip;]<\/p>\n","protected":false},"author":1,"featured_media":0,"parent":0,"menu_order":0,"comment_status":"closed","ping_status":"closed","template":"","meta":[],"_links":{"self":[{"href":"https:\/\/pferdetherapie-trosien.de\/index.php\/wp-json\/wp\/v2\/pages\/551"}],"collection":[{"href":"https:\/\/pferdetherapie-trosien.de\/index.php\/wp-json\/wp\/v2\/pages"}],"about":[{"href":"https:\/\/pferdetherapie-trosien.de\/index.php\/wp-json\/wp\/v2\/types\/page"}],"author":[{"embeddable":true,"href":"https:\/\/pferdetherapie-trosien.de\/index.php\/wp-json\/wp\/v2\/users\/1"}],"replies":[{"embeddable":true,"href":"https:\/\/pferdetherapie-trosien.de\/index.php\/wp-json\/wp\/v2\/comments?post=551"}],"version-history":[{"count":5,"href":"https:\/\/pferdetherapie-trosien.de\/index.php\/wp-json\/wp\/v2\/pages\/551\/revisions"}],"predecessor-version":[{"id":606,"href":"https:\/\/pferdetherapie-trosien.de\/index.php\/wp-json\/wp\/v2\/pages\/551\/revisions\/606"}],"wp:attachment":[{"href":"https:\/\/pferdetherapie-trosien.de\/index.php\/wp-json\/wp\/v2\/media?parent=551"}],"curies":[{"name":"wp","href":"https:\/\/api.w.org\/{rel}","templated":true}]}}