{"id":555,"date":"2019-11-28T11:22:06","date_gmt":"2019-11-28T10:22:06","guid":{"rendered":"https:\/\/pferdetherapie-trosien.de\/index.php\/?page_id=555"},"modified":"2024-07-11T09:49:06","modified_gmt":"2024-07-11T07:49:06","slug":"blutegeltherapie","status":"publish","type":"page","link":"https:\/\/pferdetherapie-trosien.de\/index.php\/blutegeltherapie\/","title":{"rendered":"Blutegeltherapie"},"content":{"rendered":"<p><span style=\"font-size: 18px;\"><strong>Der Blutegel ist ein kleines Wunder der Natur.<\/strong><\/span><\/p>\n<p><span style=\"font-size: 18px;\">Nicht umsonst werden (Medizinische) Blutegel seit Jahrhunderten erfolgreich zur Behandlung verschiedenster Krankheiten angewendet.<br \/>\nKeine Sorge! Das klingt schlimmer als es ist. Die kleinen Naturwunder applizieren nach dem Biss ein Schmerzmittel.<br \/>\nAu\u00dferdem im Speichel des Medizinischen Blutegels enthalten, sind z. B. sechs Antibiosen, einen Stoff zur schnelleren Aufnahme in den K\u00f6rper, zwei kurzfristige und einen langfristigen Blutgerinnungshemmer.<br \/>\nWegen letzteren kommt es zu einer l\u00e4ngeren Nachblutung (Aderlass). So reinigt sich die Wunde stetig selbst und Schadstoffe k\u00f6nnen ausgeschieden werden.<br \/>\nBetrachten wir die Medizin genauer, stammen die raffiniertesten Entdeckungen aus der Natur.<br \/>\nDaher greife auch ich in meiner Therapie gerne erg\u00e4nzend auf nat\u00fcrliche Heilmethoden zur\u00fcck.<br \/>\nGerne nutze ich die kleinen Helfer erg\u00e4nzend zum Beispiel bei Arthrose, Spat, Podotrochlose, Sehnenentz\u00fcndungen und Hufrehe.<\/span><\/p>\n","protected":false},"excerpt":{"rendered":"<p>Der Blutegel ist ein kleines Wunder der Natur. Nicht umsonst werden (Medizinische) Blutegel seit Jahrhunderten erfolgreich zur Behandlung verschiedenster Krankheiten angewendet. Keine Sorge! Das klingt schlimmer als es ist. Die kleinen Naturwunder applizieren nach dem Biss ein Schmerzmittel. Au\u00dferdem im Speichel des Medizinischen Blutegels enthalten, sind z. B. sechs Antibiosen, einen Stoff zur schnelleren Aufnahme [&hellip;]<\/p>\n","protected":false},"author":1,"featured_media":0,"parent":0,"menu_order":0,"comment_status":"closed","ping_status":"closed","template":"","meta":[],"_links":{"self":[{"href":"https:\/\/pferdetherapie-trosien.de\/index.php\/wp-json\/wp\/v2\/pages\/555"}],"collection":[{"href":"https:\/\/pferdetherapie-trosien.de\/index.php\/wp-json\/wp\/v2\/pages"}],"about":[{"href":"https:\/\/pferdetherapie-trosien.de\/index.php\/wp-json\/wp\/v2\/types\/page"}],"author":[{"embeddable":true,"href":"https:\/\/pferdetherapie-trosien.de\/index.php\/wp-json\/wp\/v2\/users\/1"}],"replies":[{"embeddable":true,"href":"https:\/\/pferdetherapie-trosien.de\/index.php\/wp-json\/wp\/v2\/comments?post=555"}],"version-history":[{"count":9,"href":"https:\/\/pferdetherapie-trosien.de\/index.php\/wp-json\/wp\/v2\/pages\/555\/revisions"}],"predecessor-version":[{"id":663,"href":"https:\/\/pferdetherapie-trosien.de\/index.php\/wp-json\/wp\/v2\/pages\/555\/revisions\/663"}],"wp:attachment":[{"href":"https:\/\/pferdetherapie-trosien.de\/index.php\/wp-json\/wp\/v2\/media?parent=555"}],"curies":[{"name":"wp","href":"https:\/\/api.w.org\/{rel}","templated":true}]}}